{"id":1367,"date":"2023-10-01T15:10:45","date_gmt":"2023-10-01T15:10:45","guid":{"rendered":"https:\/\/otrya.com\/?page_id=1367"},"modified":"2023-10-16T16:46:03","modified_gmt":"2023-10-16T16:46:03","slug":"contact","status":"publish","type":"page","link":"https:\/\/otrya.com\/pt\/contact\/","title":{"rendered":"Contacto"},"content":{"rendered":"<div class=\"wp-block-group\"><div class=\"wp-block-group__inner-container is-layout-constrained wp-block-group-is-layout-constrained\">\n<h1 class=\"wp-block-heading\">Get in Touch with One of Our Experts<\/h1>\n\n\n\n<p>Ficar\u00edamos muito satisfeitos em falar consigo sobre como a Otrya pode transformar a sua organiza\u00e7\u00e3o. A nossa equipa de consultoria promete respostas r\u00e1pidas, com uma elevada rela\u00e7\u00e3o entre staff e parceiros, e resultados de topo em todos os servi\u00e7os que oferecemos. Contacte-nos para acelerar a transforma\u00e7\u00e3o do seu neg\u00f3cio, servindo tanto clientes do setor privado como do setor p\u00fablico.  <\/p>\n\n\n\n<p>Entre em contacto connosco atrav\u00e9s de <a href=\"mailto:contact@otrya.com\">contact@otrya.com<\/a>.<br><\/p>\n\n\n\n<h2 class=\"wp-block-heading\">Or Let us Contact you<\/h2>\n\n\n\n<div class=\"wp-block-columns is-layout-flex wp-container-core-columns-is-layout-9d6595d7 wp-block-columns-is-layout-flex\">\n<div class=\"wp-block-column is-layout-flow wp-block-column-is-layout-flow\"><div class=\"wpforms-container wpforms-container-full wpforms-block wpforms-block-e2353695-5f7e-4114-a6b5-f3142f0e8e13 wpforms-render-modern\" id=\"wpforms-1384\"><form id=\"wpforms-form-1384\" class=\"wpforms-validate wpforms-form wpforms-ajax-form\" data-formid=\"1384\" method=\"post\" enctype=\"multipart\/form-data\" action=\"\/pt\/wp-json\/wp\/v2\/pages\/1367\" data-token=\"698fdb572a1cb3b999f7ae2beaaeb27f\" data-token-time=\"1777211176\" data-trp-original-action=\"\/pt\/wp-json\/wp\/v2\/pages\/1367\"><noscript class=\"wpforms-error-noscript\">Please enable JavaScript in your browser to complete this form.<\/noscript><div id=\"wpforms-error-noscript\" style=\"display: none;\">Please enable JavaScript in your browser to complete this form.<\/div><div class=\"wpforms-field-container\"><div id=\"wpforms-1384-field_0-container\" class=\"wpforms-field wpforms-field-name\" data-field-id=\"0\"><fieldset><legend class=\"wpforms-field-label\">Nome <span class=\"wpforms-required-label\" aria-hidden=\"true\">*<\/span><\/legend><div class=\"wpforms-field-row wpforms-field-medium\"><div class=\"wpforms-field-row-block wpforms-first wpforms-one-half\"><input type=\"text\" id=\"wpforms-1384-field_0\" class=\"wpforms-field-name-first wpforms-field-required\" name=\"wpforms[fields][0][first]\" aria-errormessage=\"wpforms-1384-field_0-error\" required><label for=\"wpforms-1384-field_0\" class=\"wpforms-field-sublabel after\">First<\/label><\/div><div class=\"wpforms-field-row-block wpforms-one-half\"><input type=\"text\" id=\"wpforms-1384-field_0-last\" class=\"wpforms-field-name-last wpforms-field-required\" name=\"wpforms[fields][0][last]\" aria-errormessage=\"wpforms-1384-field_0-last-error\" required><label for=\"wpforms-1384-field_0-last\" class=\"wpforms-field-sublabel after\">Last<\/label><\/div><\/div><\/fieldset><\/div><div id=\"wpforms-1384-field_3-container\" class=\"wpforms-field wpforms-field-text\" data-field-id=\"3\"><label class=\"wpforms-field-label\" for=\"wpforms-1384-field_3\">Organiza\u00e7\u00e3o <span class=\"wpforms-required-label\" aria-hidden=\"true\">*<\/span><\/label><input type=\"text\" id=\"wpforms-1384-field_3\" class=\"wpforms-field-medium wpforms-field-required\" name=\"wpforms[fields][3]\" aria-errormessage=\"wpforms-1384-field_3-error\" required><\/div><div id=\"wpforms-1384-field_1-container\" class=\"wpforms-field wpforms-field-email\" data-field-id=\"1\"><label class=\"wpforms-field-label\" for=\"wpforms-1384-field_1\">Email <span class=\"wpforms-required-label\" aria-hidden=\"true\">*<\/span><\/label><input type=\"email\" id=\"wpforms-1384-field_1\" class=\"wpforms-field-medium wpforms-field-required\" name=\"wpforms[fields][1]\" spellcheck=\"false\" aria-errormessage=\"wpforms-1384-field_1-error\" required><\/div><div id=\"wpforms-1384-field_2-container\" class=\"wpforms-field wpforms-field-textarea\" data-field-id=\"2\"><label class=\"wpforms-field-label\" for=\"wpforms-1384-field_2\">Coment\u00e1rio ou Mensagem <span class=\"wpforms-required-label\" aria-hidden=\"true\">*<\/span><\/label><textarea id=\"wpforms-1384-field_2\" class=\"wpforms-field-medium wpforms-field-required\" name=\"wpforms[fields][2]\" aria-errormessage=\"wpforms-1384-field_2-error\" required><\/textarea><\/div><\/div><!-- .wpforms-field-container --><div class=\"wpforms-recaptcha-container wpforms-is-recaptcha wpforms-is-recaptcha-type-v3\" ><input type=\"hidden\" name=\"wpforms[recaptcha]\" value=\"\"><\/div><div class=\"wpforms-submit-container\" ><input type=\"hidden\" name=\"wpforms[id]\" value=\"1384\"><input type=\"hidden\" name=\"page_title\" value=\"\"><input type=\"hidden\" name=\"page_url\" value=\"https:\/\/otrya.com\/pt\/wp-json\/wp\/v2\/pages\/1367\"><input type=\"hidden\" name=\"url_referer\" value=\"\"><button type=\"submit\" name=\"wpforms[submit]\" id=\"wpforms-submit-1384\" class=\"wpforms-submit\" data-alt-text=\"Sending...\" data-submit-text=\"Submit\" aria-live=\"assertive\" value=\"wpforms-submit\">Submeter<\/button><img loading=\"lazy\" decoding=\"async\" src=\"https:\/\/otrya.com\/wp-content\/plugins\/wpforms-lite\/assets\/images\/submit-spin.svg\" class=\"wpforms-submit-spinner\" style=\"display: none;\" width=\"26\" height=\"26\" alt=\"Loading\"><\/div><input type=\"hidden\" name=\"trp-form-language\" value=\"pt\"\/><\/form><\/div>  <!-- .wpforms-container --><\/div>\n\n\n\n<div class=\"wp-block-column is-vertically-aligned-center is-layout-flow wp-block-column-is-layout-flow\">\n<figure class=\"wp-block-image size-full\"><img loading=\"lazy\" decoding=\"async\" width=\"565\" height=\"612\" src=\"https:\/\/otrya.com\/wp-content\/uploads\/2023\/09\/rsz_istock-973905158.jpg\" alt=\"\" class=\"wp-image-1408\" srcset=\"https:\/\/otrya.com\/wp-content\/uploads\/2023\/09\/rsz_istock-973905158.jpg 565w, https:\/\/otrya.com\/wp-content\/uploads\/2023\/09\/rsz_istock-973905158-277x300.jpg 277w\" sizes=\"auto, (max-width: 565px) 100vw, 565px\" \/><\/figure>\n<\/div>\n<\/div>\n<\/div><\/div>\n\n\n\n<div style=\"height:30px\" aria-hidden=\"true\" class=\"wp-block-spacer\"><\/div>\n\n\n\n<div class=\"wp-block-group\"><div class=\"wp-block-group__inner-container is-layout-constrained wp-block-group-is-layout-constrained\">\n<h2 class=\"wp-block-heading\">Os nossos Escrit\u00f3rios<\/h2>\n\n\n\n<div style=\"height:20px\" aria-hidden=\"true\" class=\"wp-block-spacer\"><\/div>\n\n\n\n<div class=\"wp-block-columns is-layout-flex wp-container-core-columns-is-layout-9d6595d7 wp-block-columns-is-layout-flex\">\n<div class=\"wp-block-column is-layout-flow wp-block-column-is-layout-flow\">\n<p class=\"has-text-color\" style=\"color:#3296c8\"><i class=\"fas fa-location-dot\"><\/i>&nbsp;&nbsp;<strong>Sede, Canada<\/strong><\/p>\n\n\n\n<p>\u00a0\u00a0\u00a0\u00a0\u00a01375 Rue des Bassins, <br>\u00a0\u00a0\u00a0\u00a0\u00a0Montr\u00e9al, <br>\u00a0\u00a0\u00a0\u00a0\u00a0Qu\u00e9bec, H3C 1W3<\/p>\n\n\n\n<p>&nbsp;&nbsp;&nbsp;&nbsp;&nbsp;Canada<\/p>\n\n\n\n<p><a href=\"tel:\/\/+15855227272\"><i class=\"fas fa-mobile-screen\"><\/i>&nbsp;&nbsp;+1 585 522 7272<\/a><\/p>\n<\/div>\n\n\n\n<div class=\"wp-block-column is-layout-flow wp-block-column-is-layout-flow\">\n<p class=\"has-text-color\" style=\"color:#3296c8\"><i class=\"fas fa-location-dot\"><\/i>&nbsp;&nbsp;<strong>Escrit\u00f3rio em Portugal<\/strong><\/p>\n\n\n\n<p>&nbsp;&nbsp;&nbsp;&nbsp;&nbsp;Rua das Arroteias, 14, <br>&nbsp;&nbsp;&nbsp;&nbsp;&nbsp;Ota - Alenquer, <br>&nbsp;&nbsp;&nbsp;&nbsp;&nbsp;2580-243<\/p>\n\n\n\n<p>&nbsp;&nbsp;&nbsp;&nbsp;&nbsp;Portugal<\/p>\n\n\n\n<p><a href=\"tel:\/\/+351966463955\"><i class=\"fas fa-mobile-screen\"><\/i>&nbsp;&nbsp;+351 966 463 955<\/a><\/p>\n<\/div>\n<\/div>\n<\/div><\/div>\n\n\n\n<div style=\"height:30px\" aria-hidden=\"true\" class=\"wp-block-spacer\"><\/div>\n\n\n\n<div class=\"wp-block-group\"><div class=\"wp-block-group__inner-container is-layout-constrained wp-block-group-is-layout-constrained\">\n<h2 class=\"wp-block-heading\">Partner with Us <\/h2>\n\n\n\n<div class=\"wp-block-columns is-layout-flex wp-container-core-columns-is-layout-9d6595d7 wp-block-columns-is-layout-flex\">\n<div class=\"wp-block-column is-layout-flow wp-block-column-is-layout-flow\" style=\"flex-basis:75%\">\n<p>Expande para novos territ\u00f3rios e mercados de forma colaborativa. Um acordo mutuamente ben\u00e9fico, sem custos ou obriga\u00e7\u00f5es. A nossa parceria promove a colabora\u00e7\u00e3o, explora oportunidades e potencia o servi\u00e7o ao cliente. <\/p>\n<\/div>\n\n\n\n<div class=\"wp-block-column is-vertically-aligned-center is-layout-flow wp-block-column-is-layout-flow\">\n<div class=\"wp-block-buttons is-layout-flex wp-block-buttons-is-layout-flex\">\n<div class=\"wp-block-button is-style-outline is-style-outline--1\"><a class=\"wp-block-button__link has-white-color has-vivid-cyan-blue-background-color has-text-color has-background has-text-align-right wp-element-button\" href=\"mailto:\/\/contact@otrya.com\" style=\"border-radius:0px\">Contacte-nos<\/a><\/div>\n<\/div>\n<\/div>\n<\/div>\n<\/div><\/div>","protected":false},"excerpt":{"rendered":"<p>Entre em contacto com um dos nossos especialistas.<br \/>\nWe&#8217;d love to talk to you about how Otrya can transform your organization.<\/p>","protected":false},"author":1,"featured_media":1408,"parent":0,"menu_order":0,"comment_status":"closed","ping_status":"closed","template":"","meta":{"footnotes":""},"class_list":["post-1367","page","type-page","status-publish","has-post-thumbnail","hentry"],"yoast_head":"<!-- This site is optimized with the Yoast SEO plugin v26.8 - https:\/\/yoast.com\/product\/yoast-seo-wordpress\/ -->\n<title>Contact - Otrya Consulting<\/title>\n<meta name=\"description\" content=\"We&#039;d love to talk to you about how Otrya can transform your organization. Get in touch with our experts to boost your business transformation.\" \/>\n<meta name=\"robots\" content=\"index, follow, max-snippet:-1, max-image-preview:large, max-video-preview:-1\" \/>\n<link rel=\"canonical\" href=\"https:\/\/otrya.com\/pt\/contact\/\" \/>\n<meta property=\"og:locale\" content=\"pt_PT\" \/>\n<meta property=\"og:type\" content=\"article\" \/>\n<meta property=\"og:title\" content=\"Contact - Otrya Consulting\" \/>\n<meta property=\"og:description\" content=\"We&#039;d love to talk to you about how Otrya can transform your organization. Get in touch with our experts to boost your business transformation.\" \/>\n<meta property=\"og:url\" content=\"https:\/\/otrya.com\/pt\/contact\/\" \/>\n<meta property=\"og:site_name\" content=\"Otrya Consulting\" \/>\n<meta property=\"article:publisher\" content=\"https:\/\/www.facebook.com\/OtryaConsulting\" \/>\n<meta property=\"article:modified_time\" content=\"2023-10-16T16:46:03+00:00\" \/>\n<meta property=\"og:image\" content=\"https:\/\/otrya.com\/wp-content\/uploads\/2023\/09\/rsz_istock-973905158.jpg\" \/>\n\t<meta property=\"og:image:width\" content=\"565\" \/>\n\t<meta property=\"og:image:height\" content=\"612\" \/>\n\t<meta property=\"og:image:type\" content=\"image\/jpeg\" \/>\n<meta name=\"twitter:card\" content=\"summary_large_image\" \/>\n<meta name=\"twitter:site\" content=\"@OtryaC\" \/>\n<meta name=\"twitter:label1\" content=\"Est. reading time\" \/>\n\t<meta name=\"twitter:data1\" content=\"1 minuto\" \/>\n<script type=\"application\/ld+json\" class=\"yoast-schema-graph\">{\"@context\":\"https:\/\/schema.org\",\"@graph\":[{\"@type\":\"WebPage\",\"@id\":\"https:\/\/otrya.com\/contact\/\",\"url\":\"https:\/\/otrya.com\/contact\/\",\"name\":\"Contact - Otrya Consulting\",\"isPartOf\":{\"@id\":\"https:\/\/otrya.com\/#website\"},\"primaryImageOfPage\":{\"@id\":\"https:\/\/otrya.com\/contact\/#primaryimage\"},\"image\":{\"@id\":\"https:\/\/otrya.com\/contact\/#primaryimage\"},\"thumbnailUrl\":\"https:\/\/otrya.com\/wp-content\/uploads\/2023\/09\/rsz_istock-973905158.jpg\",\"datePublished\":\"2023-10-01T15:10:45+00:00\",\"dateModified\":\"2023-10-16T16:46:03+00:00\",\"description\":\"We'd love to talk to you about how Otrya can transform your organization. Get in touch with our experts to boost your business transformation.\",\"breadcrumb\":{\"@id\":\"https:\/\/otrya.com\/contact\/#breadcrumb\"},\"inLanguage\":\"pt-PT\",\"potentialAction\":[{\"@type\":\"ReadAction\",\"target\":[\"https:\/\/otrya.com\/contact\/\"]}]},{\"@type\":\"ImageObject\",\"inLanguage\":\"pt-PT\",\"@id\":\"https:\/\/otrya.com\/contact\/#primaryimage\",\"url\":\"https:\/\/otrya.com\/wp-content\/uploads\/2023\/09\/rsz_istock-973905158.jpg\",\"contentUrl\":\"https:\/\/otrya.com\/wp-content\/uploads\/2023\/09\/rsz_istock-973905158.jpg\",\"width\":565,\"height\":612,\"caption\":\"Young architects working on project in office together\"},{\"@type\":\"BreadcrumbList\",\"@id\":\"https:\/\/otrya.com\/contact\/#breadcrumb\",\"itemListElement\":[{\"@type\":\"ListItem\",\"position\":1,\"name\":\"Home\",\"item\":\"https:\/\/otrya.com\/\"},{\"@type\":\"ListItem\",\"position\":2,\"name\":\"Contact\"}]},{\"@type\":\"WebSite\",\"@id\":\"https:\/\/otrya.com\/#website\",\"url\":\"https:\/\/otrya.com\/\",\"name\":\"Otrya Consulting\",\"description\":\"Business Management Consulting\",\"publisher\":{\"@id\":\"https:\/\/otrya.com\/#organization\"},\"potentialAction\":[{\"@type\":\"SearchAction\",\"target\":{\"@type\":\"EntryPoint\",\"urlTemplate\":\"https:\/\/otrya.com\/?s={search_term_string}\"},\"query-input\":{\"@type\":\"PropertyValueSpecification\",\"valueRequired\":true,\"valueName\":\"search_term_string\"}}],\"inLanguage\":\"pt-PT\"},{\"@type\":\"Organization\",\"@id\":\"https:\/\/otrya.com\/#organization\",\"name\":\"Otrya Consulting\",\"url\":\"https:\/\/otrya.com\/\",\"logo\":{\"@type\":\"ImageObject\",\"inLanguage\":\"pt-PT\",\"@id\":\"https:\/\/otrya.com\/#\/schema\/logo\/image\/\",\"url\":\"https:\/\/otrya.com\/wp-content\/uploads\/2023\/10\/otrya_c_bw-1.png\",\"contentUrl\":\"https:\/\/otrya.com\/wp-content\/uploads\/2023\/10\/otrya_c_bw-1.png\",\"width\":1150,\"height\":200,\"caption\":\"Otrya Consulting\"},\"image\":{\"@id\":\"https:\/\/otrya.com\/#\/schema\/logo\/image\/\"},\"sameAs\":[\"https:\/\/www.facebook.com\/OtryaConsulting\",\"https:\/\/x.com\/OtryaC\",\"https:\/\/www.linkedin.com\/company\/OtryaConsulting\/\"]}]}<\/script>\n<!-- \/ Yoast SEO plugin. -->","yoast_head_json":{"title":"Contact - Otrya Consulting","description":"We'd love to talk to you about how Otrya can transform your organization. Get in touch with our experts to boost your business transformation.","robots":{"index":"index","follow":"follow","max-snippet":"max-snippet:-1","max-image-preview":"max-image-preview:large","max-video-preview":"max-video-preview:-1"},"canonical":"https:\/\/otrya.com\/pt\/contact\/","og_locale":"pt_PT","og_type":"article","og_title":"Contact - Otrya Consulting","og_description":"We'd love to talk to you about how Otrya can transform your organization. Get in touch with our experts to boost your business transformation.","og_url":"https:\/\/otrya.com\/pt\/contact\/","og_site_name":"Otrya Consulting","article_publisher":"https:\/\/www.facebook.com\/OtryaConsulting","article_modified_time":"2023-10-16T16:46:03+00:00","og_image":[{"width":565,"height":612,"url":"https:\/\/otrya.com\/wp-content\/uploads\/2023\/09\/rsz_istock-973905158.jpg","type":"image\/jpeg"}],"twitter_card":"summary_large_image","twitter_site":"@OtryaC","twitter_misc":{"Est. reading time":"1 minuto"},"schema":{"@context":"https:\/\/schema.org","@graph":[{"@type":"WebPage","@id":"https:\/\/otrya.com\/contact\/","url":"https:\/\/otrya.com\/contact\/","name":"Contact - Otrya Consulting","isPartOf":{"@id":"https:\/\/otrya.com\/#website"},"primaryImageOfPage":{"@id":"https:\/\/otrya.com\/contact\/#primaryimage"},"image":{"@id":"https:\/\/otrya.com\/contact\/#primaryimage"},"thumbnailUrl":"https:\/\/otrya.com\/wp-content\/uploads\/2023\/09\/rsz_istock-973905158.jpg","datePublished":"2023-10-01T15:10:45+00:00","dateModified":"2023-10-16T16:46:03+00:00","description":"We'd love to talk to you about how Otrya can transform your organization. Get in touch with our experts to boost your business transformation.","breadcrumb":{"@id":"https:\/\/otrya.com\/contact\/#breadcrumb"},"inLanguage":"pt-PT","potentialAction":[{"@type":"ReadAction","target":["https:\/\/otrya.com\/contact\/"]}]},{"@type":"ImageObject","inLanguage":"pt-PT","@id":"https:\/\/otrya.com\/contact\/#primaryimage","url":"https:\/\/otrya.com\/wp-content\/uploads\/2023\/09\/rsz_istock-973905158.jpg","contentUrl":"https:\/\/otrya.com\/wp-content\/uploads\/2023\/09\/rsz_istock-973905158.jpg","width":565,"height":612,"caption":"Young architects working on project in office together"},{"@type":"BreadcrumbList","@id":"https:\/\/otrya.com\/contact\/#breadcrumb","itemListElement":[{"@type":"ListItem","position":1,"name":"Home","item":"https:\/\/otrya.com\/"},{"@type":"ListItem","position":2,"name":"Contact"}]},{"@type":"WebSite","@id":"https:\/\/otrya.com\/#website","url":"https:\/\/otrya.com\/","name":"Otrya Consulting","description":"Business Management Consulting","publisher":{"@id":"https:\/\/otrya.com\/#organization"},"potentialAction":[{"@type":"SearchAction","target":{"@type":"EntryPoint","urlTemplate":"https:\/\/otrya.com\/?s={search_term_string}"},"query-input":{"@type":"PropertyValueSpecification","valueRequired":true,"valueName":"search_term_string"}}],"inLanguage":"pt-PT"},{"@type":"Organization","@id":"https:\/\/otrya.com\/#organization","name":"Otrya Consulting","url":"https:\/\/otrya.com\/","logo":{"@type":"ImageObject","inLanguage":"pt-PT","@id":"https:\/\/otrya.com\/#\/schema\/logo\/image\/","url":"https:\/\/otrya.com\/wp-content\/uploads\/2023\/10\/otrya_c_bw-1.png","contentUrl":"https:\/\/otrya.com\/wp-content\/uploads\/2023\/10\/otrya_c_bw-1.png","width":1150,"height":200,"caption":"Otrya Consulting"},"image":{"@id":"https:\/\/otrya.com\/#\/schema\/logo\/image\/"},"sameAs":["https:\/\/www.facebook.com\/OtryaConsulting","https:\/\/x.com\/OtryaC","https:\/\/www.linkedin.com\/company\/OtryaConsulting\/"]}]}},"_links":{"self":[{"href":"https:\/\/otrya.com\/pt\/wp-json\/wp\/v2\/pages\/1367","targetHints":{"allow":["GET"]}}],"collection":[{"href":"https:\/\/otrya.com\/pt\/wp-json\/wp\/v2\/pages"}],"about":[{"href":"https:\/\/otrya.com\/pt\/wp-json\/wp\/v2\/types\/page"}],"author":[{"embeddable":true,"href":"https:\/\/otrya.com\/pt\/wp-json\/wp\/v2\/users\/1"}],"replies":[{"embeddable":true,"href":"https:\/\/otrya.com\/pt\/wp-json\/wp\/v2\/comments?post=1367"}],"version-history":[{"count":49,"href":"https:\/\/otrya.com\/pt\/wp-json\/wp\/v2\/pages\/1367\/revisions"}],"predecessor-version":[{"id":1979,"href":"https:\/\/otrya.com\/pt\/wp-json\/wp\/v2\/pages\/1367\/revisions\/1979"}],"wp:featuredmedia":[{"embeddable":true,"href":"https:\/\/otrya.com\/pt\/wp-json\/wp\/v2\/media\/1408"}],"wp:attachment":[{"href":"https:\/\/otrya.com\/pt\/wp-json\/wp\/v2\/media?parent=1367"}],"curies":[{"name":"wp","href":"https:\/\/api.w.org\/{rel}","templated":true}]}}